{"id":151,"date":"2014-02-19T05:18:40","date_gmt":"2014-02-19T03:18:40","guid":{"rendered":"http:\/\/eltabarnako.de\/?page_id=151"},"modified":"2025-10-08T15:50:15","modified_gmt":"2025-10-08T13:50:15","slug":"el-tabarnako","status":"publish","type":"page","link":"https:\/\/eltabarnako.boscop.net\/fr\/el-tabarnako\/","title":{"rendered":"El Tabar-QUOI?!"},"content":{"rendered":"<div class=\"twoclick_social_bookmarks_post_151 social_share_privacy clearfix 1.6.4 locale-fr_FR sprite-\"><\/div><div class=\"twoclick-js\"><script type=\"text\/javascript\">\/* <![CDATA[ *\/\njQuery(document).ready(function($){if($('.twoclick_social_bookmarks_post_151')){$('.twoclick_social_bookmarks_post_151').socialSharePrivacy({\"txt_help\":\"Wenn Sie diese Felder durch einen Klick aktivieren, werden Informationen an Facebook, Twitter, Flattr, Xing, t3n, LinkedIn, Pinterest oder Google eventuell ins Ausland \\u00fcbertragen und unter Umst\\u00e4nden auch dort gespeichert. N\\u00e4heres erfahren Sie durch einen Klick auf das <em>i<\\\/em>.\",\"settings_perma\":\"Dauerhaft aktivieren und Daten\\u00fcber-tragung zustimmen:\",\"info_link\":\"http:\\\/\\\/www.heise.de\\\/ct\\\/artikel\\\/2-Klicks-fuer-mehr-Datenschutz-1333879.html\",\"uri\":\"https:\\\/\\\/eltabarnako.boscop.net\\\/fr\\\/el-tabarnako\\\/\",\"post_id\":151,\"post_title_referrer_track\":\"El+Tabar-QUOI%3F%21\",\"display_infobox\":\"on\"});}});\n\/* ]]> *\/<\/script><\/div><p><a href=\"http:\/\/www.urbandictionary.com\/define.php?term=Los%20Tabarnakos&amp;defid=1195137\" target=\"_blank\">Los Tabarnakos<\/a>\u00a0sont d\u00e9finies d&rsquo;apr\u00e8s l&rsquo;<a href=\"http:\/\/www.urbandictionary.com\/\" target=\"_blank\">Urban Dictionary<\/a>\u00a0comme suit:<\/p>\n<blockquote>\n<div>Derogatory term used to describe the very visible minority of lower-middle class French Canadians on holiday in the Sun (i.e. Cuba, Mexico, Florida)<br \/>\nDerived from\u00a0<a href=\"http:\/\/www.urbandictionary.com\/define.php?term=tabarnak\" target=\"_blank\">tabarnak<\/a>.<\/div>\n<div><em>Let&rsquo;s not go to that beach, it&rsquo;ll be full of Los Tabarnakos.<\/em><\/div>\n<\/blockquote>\n<div>Quand j&rsquo;\u00e9tais qu Qu\u00e9bec en 2005\/2006 comme \u00e9tudiant d&rsquo;\u00e9change (voir\u00a0<a href=\"http:\/\/www.martin-goes-to-canada.de\/\" target=\"_blank\">http:\/\/www.martin-goes-to-canada.de\/<\/a>), la m\u00eame histoire m&rsquo;a \u00e9t\u00e9 raconte &#8211; mais il en manquait les termes \u00ab\u00a0d\u00e9rogatoire\u00a0\u00bb et \u00ab\u00a0sous-moyenne classe\u00a0\u00bb. C&rsquo;\u00e9tait alors seulement un surnom pour les Qu\u00e9b\u00e9cois en Mexique.<\/div>\n<div><\/div>\n<div>Et moi, je l&rsquo;ai pris comme avec tous les surnoms: Il y a des gens qui les d\u00e9testent, des gens qui s&rsquo;en foutent et des gens qui l&rsquo;aiment.<\/div>\n<div><\/div>\n<div>Comme je ne suis certainement pas un Qu\u00e9b\u00e9cois de souche, mais un Qu\u00e9b\u00e9cois de c\u0153ur, j&rsquo;ai emprunt\u00e9 ce surnom quand une personne m&rsquo;a appel\u00e9 un \u00ab\u00a0Tabarnako\u00a0\u00bb.<\/div>\n<div><\/div>\n<div>Et \u00e7a, c&rsquo;est l&rsquo;histoire pourquoi ce blog s&rsquo;appelle comme \u00e7a &#8211;\u00a0<em>Tabarnak<\/em>! \ud83d\ude09<\/div>\n<p><\/p>","protected":false},"excerpt":{"rendered":"<p>Los Tabarnakos\u00a0sont d\u00e9finies d&rsquo;apr\u00e8s l&rsquo;Urban Dictionary\u00a0comme suit: Derogatory term used to describe the very visible minority of lower-middle class French Canadians on holiday in the Sun (i.e. Cuba, Mexico, Florida) Derived from\u00a0tabarnak. Let&rsquo;s not go to that beach, it&rsquo;ll be full of Los Tabarnakos. Quand j&rsquo;\u00e9tais qu Qu\u00e9bec en 2005\/2006 comme \u00e9tudiant d&rsquo;\u00e9change (voir\u00a0http:\/\/www.martin-goes-to-canada.de\/), la [&hellip;]<\/p>\n","protected":false},"author":1,"featured_media":0,"parent":0,"menu_order":0,"comment_status":"closed","ping_status":"closed","template":"","meta":{"footnotes":""},"class_list":["post-151","page","type-page","status-publish","hentry","post-preview"],"_links":{"self":[{"href":"https:\/\/eltabarnako.boscop.net\/fr\/wp-json\/wp\/v2\/pages\/151","targetHints":{"allow":["GET"]}}],"collection":[{"href":"https:\/\/eltabarnako.boscop.net\/fr\/wp-json\/wp\/v2\/pages"}],"about":[{"href":"https:\/\/eltabarnako.boscop.net\/fr\/wp-json\/wp\/v2\/types\/page"}],"author":[{"embeddable":true,"href":"https:\/\/eltabarnako.boscop.net\/fr\/wp-json\/wp\/v2\/users\/1"}],"replies":[{"embeddable":true,"href":"https:\/\/eltabarnako.boscop.net\/fr\/wp-json\/wp\/v2\/comments?post=151"}],"version-history":[{"count":1,"href":"https:\/\/eltabarnako.boscop.net\/fr\/wp-json\/wp\/v2\/pages\/151\/revisions"}],"predecessor-version":[{"id":152,"href":"https:\/\/eltabarnako.boscop.net\/fr\/wp-json\/wp\/v2\/pages\/151\/revisions\/152"}],"wp:attachment":[{"href":"https:\/\/eltabarnako.boscop.net\/fr\/wp-json\/wp\/v2\/media?parent=151"}],"curies":[{"name":"wp","href":"https:\/\/api.w.org\/{rel}","templated":true}]}}